{"id":383,"date":"2023-06-07T17:14:57","date_gmt":"2023-06-07T17:14:57","guid":{"rendered":"https:\/\/manuellaracalderon.com\/?page_id=383"},"modified":"2024-10-26T18:48:20","modified_gmt":"2024-10-26T16:48:20","slug":"implantologia","status":"publish","type":"page","link":"https:\/\/manuellaracalderon.com\/en\/implantologia\/","title":{"rendered":"Implantolog\u00eda"},"content":{"rendered":"<style>\/*! elementor - v3.16.0 - 17-10-2023 *\/\n.elementor-widget-image-box .elementor-image-box-content{width:100%}@media (min-width:768px){.elementor-widget-image-box.elementor-position-left .elementor-image-box-wrapper,.elementor-widget-image-box.elementor-position-right .elementor-image-box-wrapper{display:flex}.elementor-widget-image-box.elementor-position-right .elementor-image-box-wrapper{text-align:right;flex-direction:row-reverse}.elementor-widget-image-box.elementor-position-left .elementor-image-box-wrapper{text-align:left;flex-direction:row}.elementor-widget-image-box.elementor-position-top .elementor-image-box-img{margin:auto}.elementor-widget-image-box.elementor-vertical-align-top .elementor-image-box-wrapper{align-items:flex-start}.elementor-widget-image-box.elementor-vertical-align-middle .elementor-image-box-wrapper{align-items:center}.elementor-widget-image-box.elementor-vertical-align-bottom .elementor-image-box-wrapper{align-items:flex-end}}@media (max-width:767px){.elementor-widget-image-box .elementor-image-box-img{margin-left:auto!important;margin-right:auto!important;margin-bottom:15px}}.elementor-widget-image-box .elementor-image-box-img{display:inline-block}.elementor-widget-image-box .elementor-image-box-title a{color:inherit}.elementor-widget-image-box .elementor-image-box-wrapper{text-align:center}.elementor-widget-image-box .elementor-image-box-description{margin:0}<\/style>\n<figure><img decoding=\"async\" width=\"108\" height=\"96\" src=\"https:\/\/manuellaracalderon.com\/wp-content\/uploads\/2023\/06\/Terapia-Laser-Asistida-Palencia-108x96-1.png\" alt=\"\" loading=\"lazy\" \/><\/figure>\n<h3>Terapia l\u00e1ser<\/h3>\n<figure><img decoding=\"async\" width=\"108\" height=\"96\" src=\"https:\/\/manuellaracalderon.com\/wp-content\/uploads\/2023\/06\/Periodoncia-Palencia-108x96-1.png\" alt=\"\" loading=\"lazy\" \/><\/figure>\n<h3>Periodoncia<\/h3>\n<figure><img decoding=\"async\" width=\"108\" height=\"96\" src=\"https:\/\/manuellaracalderon.com\/wp-content\/uploads\/2023\/06\/Odontologia-Digital-Cad-Cam-Palencia-108x96-1.png\" alt=\"\" loading=\"lazy\" \/><\/figure>\n<h3>Odontolog\u00eda digital<\/h3>\n<figure><img decoding=\"async\" width=\"108\" height=\"96\" src=\"https:\/\/manuellaracalderon.com\/wp-content\/uploads\/2023\/06\/Endodoncia-Palencia-108x96-1.png\" alt=\"\" loading=\"lazy\" \/><\/figure>\n<h3>Endodoncia<\/h3>\n<figure><img decoding=\"async\" width=\"108\" height=\"96\" src=\"https:\/\/manuellaracalderon.com\/wp-content\/uploads\/2023\/06\/Ortodoncia-Maxilar-Palencia-108x96-1.png\" alt=\"\" loading=\"lazy\" \/><\/figure>\n<h3>Ortopedia Maxilar<\/h3>\n<figure><img decoding=\"async\" width=\"108\" height=\"96\" src=\"https:\/\/manuellaracalderon.com\/wp-content\/uploads\/2023\/06\/Estetica-Dental-Palencia-108x96-1.png\" alt=\"\" loading=\"lazy\" \/><\/figure>\n<h3>Est\u00e9tica dental<\/h3>\n<figure><img decoding=\"async\" width=\"108\" height=\"96\" src=\"https:\/\/manuellaracalderon.com\/wp-content\/uploads\/2023\/06\/Rehabilitacion-Oral-Palencia-108x96-1.png\" alt=\"\" loading=\"lazy\" \/><\/figure>\n<h3>Rehabilitaci\u00f3n oral<\/h3>\n<figure><img decoding=\"async\" width=\"108\" height=\"96\" src=\"https:\/\/manuellaracalderon.com\/wp-content\/uploads\/2023\/06\/Ortodoncia-Palencia-108x96-1.png\" alt=\"\" loading=\"lazy\" \/><\/figure>\n<h3>Ortodoncia<\/h3>\n<figure><img decoding=\"async\" width=\"108\" height=\"96\" src=\"https:\/\/manuellaracalderon.com\/wp-content\/uploads\/2023\/06\/Microscopia-Dental-Palencia-108x96-1.png\" alt=\"\" loading=\"lazy\" \/><\/figure>\n<h3>Microscop\u00eda dental<\/h3>\n<figure><img decoding=\"async\" width=\"108\" height=\"96\" src=\"https:\/\/manuellaracalderon.com\/wp-content\/uploads\/2023\/06\/Cirugia-Oral-Palencia-108x96-1.png\" alt=\"\" loading=\"lazy\" \/><\/figure>\n<h3>Cirug\u00eda oral<\/h3>\n<style>\/*! elementor - v3.16.0 - 17-10-2023 *\/\n.elementor-heading-title{padding:0;margin:0;line-height:1}.elementor-widget-heading .elementor-heading-title[class*=elementor-size-]>a{color:inherit;font-size:inherit;line-height:inherit}.elementor-widget-heading .elementor-heading-title.elementor-size-small{font-size:15px}.elementor-widget-heading .elementor-heading-title.elementor-size-medium{font-size:19px}.elementor-widget-heading .elementor-heading-title.elementor-size-large{font-size:29px}.elementor-widget-heading .elementor-heading-title.elementor-size-xl{font-size:39px}.elementor-widget-heading .elementor-heading-title.elementor-size-xxl{font-size:59px}<\/style>\n<h2>DIENTES COMO NUEVOS<\/h2>\n<h2>Implantolog\u00eda<\/h2>\n<p>El doctor\u00a0<strong>Manuel Lara Calder\u00f3n<\/strong>\u00a0cuenta con el t\u00edtulo en\u00a0<strong>implantolog\u00eda<\/strong>\u00a0de la Universidad de G\u00f6teborg, reforzada por diferentes M\u00e1ster y cursos de actualizaci\u00f3n, pero, sobre todo, con una experiencia de\u00a0<strong>m\u00e1s de 2.000 implantes<\/strong>\u00a0realizados durante su trayectoria profesional.<\/p>\n<style>\/*! elementor - v3.16.0 - 17-10-2023 *\/\n.elementor-widget-image{text-align:center}.elementor-widget-image a{display:inline-block}.elementor-widget-image a img[src$=\".svg\"]{width:48px}.elementor-widget-image img{vertical-align:middle;display:inline-block}<\/style>\n<p>\t\t\t\t\t\t\t\t\t\t\t\t<img decoding=\"async\" width=\"270\" height=\"242\" src=\"https:\/\/manuellaracalderon.com\/wp-content\/uploads\/2023\/06\/Implantologia-Palencia-270x242-1.png\" alt=\"\" loading=\"lazy\" \/><br \/>\n\t\t\t\t\t\t\t\t\t\t\t\t\t\t\t<img decoding=\"async\" width=\"800\" height=\"544\" src=\"https:\/\/manuellaracalderon.com\/wp-content\/uploads\/2023\/06\/implantologia-min.png\" alt=\"\" loading=\"lazy\" srcset=\"https:\/\/manuellaracalderon.com\/wp-content\/uploads\/2023\/06\/implantologia-min.png 800w, https:\/\/manuellaracalderon.com\/wp-content\/uploads\/2023\/06\/implantologia-min-300x204.png 300w, https:\/\/manuellaracalderon.com\/wp-content\/uploads\/2023\/06\/implantologia-min-768x522.png 768w\" sizes=\"auto, (max-width: 800px) 100vw, 800px\" \/>\t\t\t\t\t\t\t\t\t\t\t\t\t\t\t<\/p>\n<h2>CENTRO DE REFERENCIA EN CASTILLA Y LE\u00d3N<\/h2>\n<h2>Alta tecnolog\u00eda para tus implantes<\/h2>\n<p>Realizamos el 100% de nuestros\u00a0<strong>implantes gracias a la tecnolog\u00eda Cad-Cam<\/strong>, con la que realizamos una imagen 3D de las necesidades de cada paciente y confeccionamos\u00a0<strong>piezas dentales de alt\u00edsima calidad<\/strong>\u00a0a medida y en muy corto espacio de tiempo mediante el uso del<strong>\u00a0Sistema Cerec<\/strong>. La cirug\u00eda es guiada por los avances tecnol\u00f3gicos, lo que supone un menor tiempo de recuperaci\u00f3n.<\/p>\n<h2>CIRUG\u00cdA M\u00cdNIMAMENTE INVASIVA<\/h2>\n<h2>Comodidad a largo plazo<\/h2>\n<p>Somos\u00a0<strong>especialistas en implantolog\u00eda<\/strong>\u00a0y gracias a los medios t\u00e9cnicos con los que contamos podemos colocar los implantes con la\u00a0<strong>m\u00e1xima precisi\u00f3n<\/strong>, de manera m\u00ednimamente invasiva y con\u00a0<strong>resultados \u00f3ptimos a largo plazo<\/strong>. Nuestros implantes respetan tus dientes sanos y mejoran su funcionalidad y vida \u00fatil.<\/p>\n<p>\t\t\t\t\t\t\t\t\t\t\t\t\t\t\t<img decoding=\"async\" width=\"800\" height=\"544\" src=\"https:\/\/manuellaracalderon.com\/wp-content\/uploads\/2023\/06\/cirugia-min.png\" alt=\"\" loading=\"lazy\" srcset=\"https:\/\/manuellaracalderon.com\/wp-content\/uploads\/2023\/06\/cirugia-min.png 800w, https:\/\/manuellaracalderon.com\/wp-content\/uploads\/2023\/06\/cirugia-min-300x204.png 300w, https:\/\/manuellaracalderon.com\/wp-content\/uploads\/2023\/06\/cirugia-min-768x522.png 768w\" sizes=\"auto, (max-width: 800px) 100vw, 800px\" \/>\t\t\t\t\t\t\t\t\t\t\t\t\t\t\t<\/p>\n<h2>Para m\u00e1s informaci\u00f3n, no lo dudes, contacta con nosotros.<\/h2>\n<p>\t\t\t<a role=\"button\"><br \/>\n\t\t\t\t\t\tContacta<br \/>\n\t\t\t\t\t<\/a><\/p>\n<h2>Conoce nuestros tratamientos de odontolog\u00eda<\/h2>\n<link rel=\"stylesheet\" href=\"https:\/\/manuellaracalderon.com\/wp-content\/plugins\/elementor-pro\/assets\/css\/widget-flip-box.min.css\">\n<h2>Terapia l\u00e1ser asistida<\/h2>\n<h2>Periodoncia<\/h2>\n<h2>Odontolog\u00eda digital cad-cam<\/h2>\n<h2>Endodoncia<\/h2>\n<h2>Ortopedia Maxilar<\/h2>\n<h2>Est\u00e9tica dental<\/h2>\n<h2>Implantolog\u00eda<\/h2>\n<h2>Rehabilitaci\u00f3n oral<\/h2>\n<h2>Ortodoncia<\/h2>\n<h2>Microscop\u00eda dental<\/h2>\n<h2>Cirug\u00eda oral<\/h2>","protected":false},"excerpt":{"rendered":"<p>Terapia l\u00e1ser Periodoncia Odontolog\u00eda digital Endodoncia Ortopedia Maxilar Est\u00e9tica dental Rehabilitaci\u00f3n oral Ortodoncia Microscop\u00eda dental Cirug\u00eda oral DIENTES COMO NUEVOS Implantolog\u00eda El doctor\u00a0Manuel Lara Calder\u00f3n\u00a0cuenta con el t\u00edtulo en\u00a0implantolog\u00eda\u00a0de la Universidad de G\u00f6teborg, reforzada por diferentes M\u00e1ster y cursos de actualizaci\u00f3n, pero, sobre todo, con una experiencia de\u00a0m\u00e1s de 2.000 implantes\u00a0realizados durante su trayectoria profesional. [&hellip;]<\/p>","protected":false},"author":1,"featured_media":0,"parent":0,"menu_order":0,"comment_status":"closed","ping_status":"closed","template":"","meta":{"footnotes":""},"class_list":["post-383","page","type-page","status-publish","hentry"],"_links":{"self":[{"href":"https:\/\/manuellaracalderon.com\/en\/wp-json\/wp\/v2\/pages\/383","targetHints":{"allow":["GET"]}}],"collection":[{"href":"https:\/\/manuellaracalderon.com\/en\/wp-json\/wp\/v2\/pages"}],"about":[{"href":"https:\/\/manuellaracalderon.com\/en\/wp-json\/wp\/v2\/types\/page"}],"author":[{"embeddable":true,"href":"https:\/\/manuellaracalderon.com\/en\/wp-json\/wp\/v2\/users\/1"}],"replies":[{"embeddable":true,"href":"https:\/\/manuellaracalderon.com\/en\/wp-json\/wp\/v2\/comments?post=383"}],"version-history":[{"count":22,"href":"https:\/\/manuellaracalderon.com\/en\/wp-json\/wp\/v2\/pages\/383\/revisions"}],"predecessor-version":[{"id":1151,"href":"https:\/\/manuellaracalderon.com\/en\/wp-json\/wp\/v2\/pages\/383\/revisions\/1151"}],"wp:attachment":[{"href":"https:\/\/manuellaracalderon.com\/en\/wp-json\/wp\/v2\/media?parent=383"}],"curies":[{"name":"wp","href":"https:\/\/api.w.org\/{rel}","templated":true}]}}